{"id":1651,"date":"2025-12-30T11:21:40","date_gmt":"2025-12-30T10:21:40","guid":{"rendered":"https:\/\/www.mediateurfevad.fr\/?page_id=1651"},"modified":"2026-02-17T16:17:51","modified_gmt":"2026-02-17T15:17:51","slug":"formulaire-de-demande-de-souscription-a-la-mediation-de-la-consommation-fevad","status":"publish","type":"page","link":"https:\/\/www.mediateurfevad.fr\/index.php\/formulaire-de-demande-de-souscription-a-la-mediation-de-la-consommation-fevad\/","title":{"rendered":"FORMULAIRE DE DEMANDE DE SOUSCRIPTION A LA MEDIATION DE LA CONSOMMATION FEVAD"},"content":{"rendered":"\n<p><strong>A LA MEDIATION DE LA CONSOMMATION FEVAD<\/strong><strong><\/strong><\/p>\n\n\n<div class=\"wp-block-image\">\n<figure class=\"aligncenter size-large is-resized\"><img loading=\"lazy\" decoding=\"async\" width=\"1030\" height=\"660\" src=\"https:\/\/www.mediateurfevad.fr\/wp-content\/uploads\/2025\/03\/X3Logo_MCF-1030x660.png\" alt=\"\" class=\"wp-image-1621\" style=\"width:192px;height:auto\" srcset=\"https:\/\/www.mediateurfevad.fr\/wp-content\/uploads\/2025\/03\/X3Logo_MCF-1030x660.png 1030w, https:\/\/www.mediateurfevad.fr\/wp-content\/uploads\/2025\/03\/X3Logo_MCF-300x192.png 300w, https:\/\/www.mediateurfevad.fr\/wp-content\/uploads\/2025\/03\/X3Logo_MCF-768x492.png 768w, https:\/\/www.mediateurfevad.fr\/wp-content\/uploads\/2025\/03\/X3Logo_MCF-1536x985.png 1536w, https:\/\/www.mediateurfevad.fr\/wp-content\/uploads\/2025\/03\/X3Logo_MCF-2048x1313.png 2048w, https:\/\/www.mediateurfevad.fr\/wp-content\/uploads\/2025\/03\/X3Logo_MCF-1500x962.png 1500w, https:\/\/www.mediateurfevad.fr\/wp-content\/uploads\/2025\/03\/X3Logo_MCF-705x452.png 705w\" sizes=\"auto, (max-width: 1030px) 100vw, 1030px\" \/><\/figure>\n<\/div>\n\n\n<p><strong>UNE MEDIATION ADAPTEE AUX BESOINS DES ENTREPRISES<\/strong><\/p>\n\n\n\n<p>Depuis le 1er janvier 2016, tout vendeur professionnel est tenu d\u2019informer le consommateur de la possibilit\u00e9 de recourir \u00e0 un dispositif de m\u00e9diation comp\u00e9tent en cas de litige (articles L.211-3 et L.616-1 du code de la consommation).<\/p>\n\n\n\n<p><strong>Vous \u00eates adh\u00e9rent de la FEVAD<\/strong><\/p>\n\n\n\n<p>Si votre entreprise vend aux consommateurs et qu\u2019elle&nbsp;est adh\u00e9rente de la F\u00e9d\u00e9ration du e-commerce et de la vente \u00e0 distance (FEVAD),&nbsp;elle b\u00e9n\u00e9ficie d\u2019un acc\u00e8s au&nbsp;service de M\u00e9diation de la Consommation FEVAD&nbsp;(MCF) dans les conditions approuv\u00e9es par le Conseil d\u2019Administration. Afin de vous conformer au Code de la consommation, vous devez informer le consommateur sur la possibilit\u00e9 qui lui est offerte de faire appel au service de m\u00e9diation de la FEVAD et de respecter les r\u00e8gles de fonctionnement de la m\u00e9diation, telles que d\u00e9finies par la Loi et la Charte de la m\u00e9diation du e-commerce FEVAD.<\/p>\n\n\n\n<p><strong>Vous n\u2019\u00eates pas adh\u00e9rent de la FEVAD<\/strong><\/p>\n\n\n\n<p>La souscription \u00e0 MCF est possible pour les entreprises non adh\u00e9rentes \u00e0 la FEVAD <strong>sous certaines conditions&nbsp;<\/strong>:<\/p>\n\n\n\n<ul class=\"wp-block-list\">\n<li>\u00catre r\u00e9guli\u00e8rement immatricul\u00e9e au Registre du Commerce et des Soci\u00e9t\u00e9s (ou registre \u00e9quivalent) et exercer effectivement une activit\u00e9 commerciale ;<\/li>\n\n\n\n<li>N\u2019\u00eatre sous le coup d\u2019aucune proc\u00e9dure en interdiction d\u2019activit\u00e9 ou propre aux entreprises en difficult\u00e9s&nbsp;;<\/li>\n\n\n\n<li>\u00catre conforme \u00e0 ses obligations en mati\u00e8re fiscale et de protection sociale&nbsp;;<\/li>\n\n\n\n<li>Avoir la capacit\u00e9 de recevoir et traiter des commandes effectives ;<\/li>\n\n\n\n<li>Avoir accept\u00e9&nbsp;<em>sans r\u00e9serve<\/em>&nbsp;la Charte de la m\u00e9diation de la FEVAD, le pr\u00e9sent document et le contrat de prestation de services, lesquels forment un tout indissociable&nbsp;;<\/li>\n\n\n\n<li>Respecter la r\u00e9glementation applicable en mati\u00e8re de protection des consommateurs&nbsp;;<\/li>\n\n\n\n<li>Disposer d\u2019un contrat de prestation de service avec la Fevad, tel que pr\u00e9vu \u00e0 l\u2019article 4.<\/li>\n\n\n\n<li>Avoir un chiffre d\u2019affaires total inf\u00e9rieur \u00e0 2 millions d\u2019euros et employer moins de 10 salari\u00e9s&nbsp;;<\/li>\n\n\n\n<li>Avoir un chiffre d\u2019affaires e-commerce et vente \u00e0 distance inf\u00e9rieur \u00e0 150 000\u20ac.&nbsp;<\/li>\n<\/ul>\n\n\n\n<p>Si vous remplissez les co<strong>nditions pr\u00e9alables \u00e0 l\u2019acc\u00e8s \u00e0 la MCF<\/strong> et souhaitez faire une demande de dossier de souscription, nous vous invitons \u00e0 compl\u00e9ter <strong>le formulaire en ligne ci-dessous<\/strong>.<br><strong>Votre demande fera l\u2019objet d\u2019une analyse par nos \u00e9quipes et nous reviendrons vers vous dans les meilleurs d\u00e9lais.<\/strong><\/p>\n\n\n<div class=\"frm_forms  with_frm_style frm_style_style-formidable\" id=\"frm_form_2_container\" data-token=\"42a796d5ce826275f699ab6d9a52f379\">\n<form enctype=\"multipart\/form-data\" method=\"post\" class=\"frm-show-form  frm_js_validate  frm_ajax_submit \" id=\"form_5j0j\" data-token=\"42a796d5ce826275f699ab6d9a52f379\">\n<div class=\"frm_form_fields \">\n<fieldset>\n<legend class=\"frm_screen_reader\">Formulaire de demande de souscription \u00e0 la m\u00e9dation de la consommation Fevad<\/legend>\r\n\r\n<div class=\"frm_fields_container\">\n<input type=\"hidden\" name=\"frm_action\" value=\"create\" \/>\n<input type=\"hidden\" name=\"form_id\" value=\"2\" \/>\n<input type=\"hidden\" name=\"frm_hide_fields_2\" id=\"frm_hide_fields_2\" value=\"\" \/>\n<input type=\"hidden\" name=\"form_key\" value=\"5j0j\" \/>\n<input type=\"hidden\" name=\"item_meta[0]\" value=\"\" \/>\n<input type=\"hidden\" id=\"frm_submit_entry_2\" name=\"frm_submit_entry_2\" value=\"c2b78990ae\" \/><input type=\"hidden\" name=\"_wp_http_referer\" value=\"\/index.php\/wp-json\/wp\/v2\/pages\/1651\" \/><div id=\"frm_field_21_container\" class=\"frm_form_field  frm_html_container form-field\">\n<h3 class=\"frm-form-title\">Identit\u00e9 de l\u2019entreprise<\/h3>\n<\/div>\n<div id=\"frm_field_10_container\" class=\"frm_form_field form-field  frm_required_field frm_top_container frm6 frm_first\">\r\n\t<label for=\"field_8g1u2\" id=\"field_8g1u2_label\" class=\"frm_primary_label\"><b>Nom de l\u2019entreprise<\/b>\r\n\t\t<span class=\"frm_required\" aria-hidden=\"true\">*<\/span>\r\n\t<\/label>\r\n\t<input type=\"text\" id=\"field_8g1u2\" name=\"item_meta[10]\" value=\"\"  data-reqmsg=\"&lt;b&gt;Nom de l\u2019entreprise&lt;\/b&gt; ne peut pas \u00eatre vide.\" aria-required=\"true\" data-invmsg=\"&lt;b&gt;Nom de l\u2019entreprise&lt;\/b&gt; est non valide\" aria-invalid=\"false\"  \/>\r\n\t\r\n\t\r\n<\/div>\n<div id=\"frm_field_11_container\" class=\"frm_form_field form-field  frm_top_container frm6\">\r\n\t<label for=\"field_69cfi\" id=\"field_69cfi_label\" class=\"frm_primary_label\"><b>Enseigne commerciale si diff\u00e9rente<\/b>\r\n\t\t<span class=\"frm_required\" aria-hidden=\"true\"><\/span>\r\n\t<\/label>\r\n\t<input type=\"text\" id=\"field_69cfi\" name=\"item_meta[11]\" value=\"\"  data-invmsg=\"&lt;b&gt;Enseigne commerciale si diff\u00e9rente&lt;\/b&gt; est non valide\" aria-invalid=\"false\"  \/>\r\n\t\r\n\t\r\n<\/div>\n<div id=\"frm_field_13_container\" class=\"frm_form_field form-field  frm_required_field frm_top_container frm6 frm_first\">\r\n\t<label for=\"field_l3vzx\" id=\"field_l3vzx_label\" class=\"frm_primary_label\"><b>Num\u00e9ro RCS<\/b>\r\n\t\t<span class=\"frm_required\" aria-hidden=\"true\">*<\/span>\r\n\t<\/label>\r\n\t<input type=\"text\" id=\"field_l3vzx\" name=\"item_meta[13]\" value=\"\"  data-reqmsg=\"&lt;b&gt;Num\u00e9ro RCS&lt;\/b&gt; ne peut pas \u00eatre vide.\" aria-required=\"true\" data-invmsg=\"&lt;b&gt;Num\u00e9ro RCS&lt;\/b&gt; est non valide\" aria-invalid=\"false\"  \/>\r\n\t\r\n\t\r\n<\/div>\n<div id=\"frm_field_14_container\" class=\"frm_form_field form-field  frm_required_field frm_top_container frm6\">\r\n\t<label for=\"field_u9a2v\" id=\"field_u9a2v_label\" class=\"frm_primary_label\"><b>Num\u00e9ro TVA intracommunautaire<\/b>\r\n\t\t<span class=\"frm_required\" aria-hidden=\"true\">*<\/span>\r\n\t<\/label>\r\n\t<input type=\"text\" id=\"field_u9a2v\" name=\"item_meta[14]\" value=\"\"  data-reqmsg=\"&lt;b&gt;Num\u00e9ro TVA intracommunautaire&lt;\/b&gt; ne peut pas \u00eatre vide.\" aria-required=\"true\" data-invmsg=\"&lt;b&gt;Num\u00e9ro TVA intracommunautaire&lt;\/b&gt; est non valide\" aria-invalid=\"false\"  \/>\r\n\t\r\n\t\r\n<\/div>\n<div id=\"frm_field_12_container\" class=\"frm_form_field form-field  frm_required_field frm_top_container frm6 frm_first\">\r\n\t<label for=\"field_7elk4\" id=\"field_7elk4_label\" class=\"frm_primary_label\"><b>Code NAF<\/b>\r\n\t\t<span class=\"frm_required\" aria-hidden=\"true\">*<\/span>\r\n\t<\/label>\r\n\t<input type=\"text\" id=\"field_7elk4\" name=\"item_meta[12]\" value=\"\"  data-reqmsg=\"&lt;b&gt;Code NAF&lt;\/b&gt; ne peut pas \u00eatre vide.\" aria-required=\"true\" data-invmsg=\"&lt;b&gt;Code NAF&lt;\/b&gt; est non valide\" aria-invalid=\"false\"  \/>\r\n\t\r\n\t\r\n<\/div>\n<div id=\"frm_field_32_container\" class=\"frm_form_field form-field  frm_required_field frm_top_container frm6\">\r\n\t<label for=\"field_dkp18\" id=\"field_dkp18_label\" class=\"frm_primary_label\"><b>Site Web\/URL\r\n\t\t<span class=\"frm_required\" aria-hidden=\"true\">*<\/span>\r\n\t<\/label>\r\n\t<input type=\"url\" id=\"field_dkp18\" name=\"item_meta[32]\" value=\"\"  data-reqmsg=\"&lt;b&gt;Site Web\/URL ne peut pas \u00eatre vide.\" aria-required=\"true\" data-invmsg=\"&lt;b&gt;Site Web\/URL est non valide\" aria-invalid=\"false\"  \/>\r\n\t\r\n\t\r\n<\/div>\n<div id=\"frm_field_44_container\" class=\"frm_form_field form-field  frm_required_field frm_top_container frm6 frm_first\">\r\n\t<label for=\"field_4kctp\" id=\"field_4kctp_label\" class=\"frm_primary_label\"><b>Activit\u00e9<\/b>\r\n\t\t<span class=\"frm_required\" aria-hidden=\"true\">*<\/span>\r\n\t<\/label>\r\n\t<input type=\"text\" id=\"field_4kctp\" name=\"item_meta[44]\" value=\"\"  data-reqmsg=\"&lt;b&gt;Activit\u00e9&lt;\/b&gt; ne peut pas \u00eatre vide.\" aria-required=\"true\" data-invmsg=\"&lt;b&gt;Activit\u00e9&lt;\/b&gt; est non valide\" aria-invalid=\"false\"  \/>\r\n\t\r\n\t\r\n<\/div>\n<div id=\"frm_field_20_container\" class=\"frm_form_field form-field  frm_required_field frm_top_container frm6\">\r\n\t<label for=\"field_bor99\" id=\"field_bor99_label\" class=\"frm_primary_label\"><b>Taille de l'entreprise<\/b>\r\n\t\t<span class=\"frm_required\" aria-hidden=\"true\">*<\/span>\r\n\t<\/label>\r\n\t\t\t<select name=\"item_meta[20]\" id=\"field_bor99\"  data-reqmsg=\"&lt;b&gt;Taille de l&#039;entreprise&lt;\/b&gt; ne peut pas \u00eatre vide.\" aria-required=\"true\" data-invmsg=\"&lt;b&gt;Taille de l&#039;entreprise&lt;\/b&gt; est non valide\" aria-invalid=\"false\"  >\n\t\t<option  value=\"Microentreprise : CA inf\u00e9rieur \u00e0 2 millions et effectif inf\u00e9rieur \u00e0 10 personnes\">Microentreprise : CA inf\u00e9rieur \u00e0 2 millions et effectif inf\u00e9rieur \u00e0 10 personnes<\/option><option  value=\"PME :  CA entre 2 millions et 50 millions d\u2019euros et effectif inf\u00e9rieur \u00e0 250 personnes\">PME :  CA entre 2 millions et 50 millions d\u2019euros et effectif inf\u00e9rieur \u00e0 250 personnes<\/option><option  value=\"ETI :  CA entre 50 millions et 1 500 millions d\u2019euros et effectif inf\u00e9rieur \u00e0 5000 personnes\">ETI :  CA entre 50 millions et 1 500 millions d\u2019euros et effectif inf\u00e9rieur \u00e0 5000 personnes<\/option><option  value=\"GE : CA + de 1,5 milliard d\u2019euros\">GE : CA + de 1,5 milliard d\u2019euros<\/option>\t<\/select>\n\t\r\n\t\r\n\t\r\n<\/div>\n<div id=\"frm_field_29_container\" class=\"frm_form_field form-field  frm_required_field frm_top_container frm6\">\r\n\t<label for=\"field_5sw3q\" id=\"field_5sw3q_label\" class=\"frm_primary_label\"><b>T\u00e9l\u00e9phone<\/b>\r\n\t\t<span class=\"frm_required\" aria-hidden=\"true\">*<\/span>\r\n\t<\/label>\r\n\t<input type=\"tel\" id=\"field_5sw3q\" name=\"item_meta[29]\" value=\"\"  data-reqmsg=\"&lt;b&gt;T\u00e9l\u00e9phone&lt;\/b&gt; ne peut pas \u00eatre vide.\" aria-required=\"true\" data-invmsg=\"&lt;b&gt;T\u00e9l\u00e9phone&lt;\/b&gt; est non valide\" aria-invalid=\"false\" pattern=\"((\\+\\d{1,3}(-|.| )?\\(?\\d\\)?(-| |.)?\\d{1,5})|(\\(?\\d{2,6}\\)?))(-|.| )?(\\d{3,4})(-|.| )?(\\d{4})(( x| ext)\\d{1,5}){0,1}$\"  \/>\r\n\t\r\n\t\r\n<\/div>\n<div id=\"frm_field_23_container\" class=\"frm_form_field form-field  frm_required_field frm_top_container frm6\">\r\n\t<label for=\"field_6cb9c\" id=\"field_6cb9c_label\" class=\"frm_primary_label\"><b>Adresse<\/b>\r\n\t\t<span class=\"frm_required\" aria-hidden=\"true\">*<\/span>\r\n\t<\/label>\r\n\t<input type=\"text\" id=\"field_6cb9c\" name=\"item_meta[23]\" value=\"\"  data-reqmsg=\"&lt;b&gt;Adresse&lt;\/b&gt; ne peut pas \u00eatre vide.\" aria-required=\"true\" data-invmsg=\"&lt;b&gt;Adresse&lt;\/b&gt; est non valide\" aria-invalid=\"false\"  \/>\r\n\t\r\n\t\r\n<\/div>\n<div id=\"frm_field_25_container\" class=\"frm_form_field form-field  frm_required_field frm_top_container frm6\">\r\n\t<label for=\"field_jtut6\" id=\"field_jtut6_label\" class=\"frm_primary_label\"><b>Ville<\/b>\r\n\t\t<span class=\"frm_required\" aria-hidden=\"true\">*<\/span>\r\n\t<\/label>\r\n\t<input type=\"text\" id=\"field_jtut6\" name=\"item_meta[25]\" value=\"\"  data-reqmsg=\"&lt;b&gt;Ville&lt;\/b&gt; ne peut pas \u00eatre vide.\" aria-required=\"true\" data-invmsg=\"&lt;b&gt;Ville&lt;\/b&gt; est non valide\" aria-invalid=\"false\"  \/>\r\n\t\r\n\t\r\n<\/div>\n<div id=\"frm_field_26_container\" class=\"frm_form_field form-field  frm_required_field frm_top_container frm6\">\r\n\t<label for=\"field_9ynwq\" id=\"field_9ynwq_label\" class=\"frm_primary_label\"><b>Code postal<\/b>\r\n\t\t<span class=\"frm_required\" aria-hidden=\"true\">*<\/span>\r\n\t<\/label>\r\n\t<input type=\"text\" id=\"field_9ynwq\" name=\"item_meta[26]\" value=\"\"  data-reqmsg=\"&lt;b&gt;Code postal&lt;\/b&gt; ne peut pas \u00eatre vide.\" aria-required=\"true\" data-invmsg=\"&lt;b&gt;Code postal&lt;\/b&gt; est non valide\" aria-invalid=\"false\"  \/>\r\n\t\r\n\t\r\n<\/div>\n<div id=\"frm_field_35_container\" class=\"frm_form_field  frm12 frm_first frm_html_container form-field\">\n<h3 class=\"frm-form-title\">Repr\u00e9sentant l\u00e9gal & contact :<\/h3>\n<\/div>\n<div id=\"frm_field_28_container\" class=\"frm_form_field form-field  frm_required_field frm_top_container\">\r\n\t<div  id=\"field_dtcmc_label\" class=\"frm_primary_label\"><B>Nom et Pr\u00e9nom\r\n\t\t<span class=\"frm_required\" aria-hidden=\"true\">*<\/span>\r\n\t<\/div>\r\n\t<fieldset aria-labelledby=\"field_dtcmc_label\">\n\t<legend class=\"frm_screen_reader frm_hidden\">\n\t\t&lt;B&gt;Nom et Pr\u00e9nom\t<\/legend>\n\n\t<div  class=\"frm_combo_inputs_container\" id=\"frm_combo_inputs_container_28\" data-name-layout=\"last_first\">\n\t\t\t\t\t<div\n\t\t\t\tid=\"frm_field_28-last_container\"\n\t\t\t\tclass=\"frm_form_field form-field frm_form_subfield-last  frm6\"\n\t\t\t\tdata-sub-field-name=\"last\"\n\t\t\t>\n\t\t\t\t<label for=\"field_dtcmc_last\" class=\"frm_screen_reader frm_hidden\">\n\t\t\t\t\tNom\t\t\t\t<\/label>\n\n\t\t\t\t<input  type=\"text\" id=\"field_dtcmc_last\" value=\"\" name=\"item_meta[28][last]\" autocomplete=\"family-name\" data-reqmsg=\"&lt;B&gt;Nom et Pr\u00e9nom ne peut pas \u00eatre vide.\" aria-required=\"true\" data-invmsg=\"&lt;B&gt;Nom et Pr\u00e9nom est non valide\" aria-invalid=\"false\"  \/><div class=\"frm_description\" id=\"frm_field_28_last_desc\">Nom<\/div>\t\t\t<\/div>\n\t\t\t\t\t\t<div\n\t\t\t\tid=\"frm_field_28-first_container\"\n\t\t\t\tclass=\"frm_form_field form-field frm_form_subfield-first  frm6\"\n\t\t\t\tdata-sub-field-name=\"first\"\n\t\t\t>\n\t\t\t\t<label for=\"field_dtcmc_first\" class=\"frm_screen_reader frm_hidden\">\n\t\t\t\t\tPr\u00e9nom\t\t\t\t<\/label>\n\n\t\t\t\t<input  type=\"text\" id=\"field_dtcmc_first\" value=\"\" name=\"item_meta[28][first]\" autocomplete=\"given-name\" data-reqmsg=\"&lt;B&gt;Nom et Pr\u00e9nom ne peut pas \u00eatre vide.\" aria-required=\"true\" data-invmsg=\"&lt;B&gt;Nom et Pr\u00e9nom est non valide\" aria-invalid=\"false\"  \/><div class=\"frm_description\" id=\"frm_field_28_first_desc\">Pr\u00e9nom<\/div>\t\t\t<\/div>\n\t\t\t\t<\/div>\n<\/fieldset>\n\r\n\t\r\n\t\r\n<\/div>\n<div id=\"frm_field_30_container\" class=\"frm_form_field form-field  frm_required_field frm_top_container frm6 frm_first\">\r\n\t<label for=\"field_eoc1p\" id=\"field_eoc1p_label\" class=\"frm_primary_label\"><b>T\u00e9l\u00e9phone\r\n\t\t<span class=\"frm_required\" aria-hidden=\"true\">*<\/span>\r\n\t<\/label>\r\n\t<input type=\"tel\" id=\"field_eoc1p\" name=\"item_meta[30]\" value=\"\"  data-reqmsg=\"&lt;b&gt;T\u00e9l\u00e9phone ne peut pas \u00eatre vide.\" aria-required=\"true\" data-invmsg=\"&lt;b&gt;T\u00e9l\u00e9phone est non valide\" aria-invalid=\"false\" pattern=\"((\\+\\d{1,3}(-|.| )?\\(?\\d\\)?(-| |.)?\\d{1,5})|(\\(?\\d{2,6}\\)?))(-|.| )?(\\d{3,4})(-|.| )?(\\d{4})(( x| ext)\\d{1,5}){0,1}$\"  \/>\r\n\t\r\n\t\r\n<\/div>\n<div id=\"frm_field_31_container\" class=\"frm_form_field form-field  frm_required_field frm_top_container frm6\">\r\n\t<label for=\"field_crgdg\" id=\"field_crgdg_label\" class=\"frm_primary_label\"><b>E-mail\r\n\t\t<span class=\"frm_required\" aria-hidden=\"true\">*<\/span>\r\n\t<\/label>\r\n\t<input type=\"email\" id=\"field_crgdg\" name=\"item_meta[31]\" value=\"\"  data-reqmsg=\"&lt;b&gt;E-mail ne peut pas \u00eatre vide.\" aria-required=\"true\" data-invmsg=\"&lt;b&gt;E-mail est non valide\" aria-invalid=\"false\"  \/>\r\n\t\r\n\t\r\n<\/div>\n<div id=\"frm_field_40_container\" class=\"frm_form_field form-field  frm_required_field frm_top_container frm12 frm_first\">\r\n\t<label for=\"field_cqirc\" id=\"field_cqirc_label\" class=\"frm_primary_label\"><b>Fonction\r\n\t\t<span class=\"frm_required\" aria-hidden=\"true\">*<\/span>\r\n\t<\/label>\r\n\t<input type=\"text\" id=\"field_cqirc\" name=\"item_meta[40]\" value=\"\"  data-reqmsg=\"&lt;b&gt;Fonction ne peut pas \u00eatre vide.\" aria-required=\"true\" data-invmsg=\"&lt;b&gt;Fonction est non valide\" aria-invalid=\"false\"  \/>\r\n\t\r\n\t\r\n<\/div>\n<div id=\"frm_field_27_container\" class=\"frm_form_field  frm12 frm_first frm_html_container form-field\">\n<h3 class=\"frm-form-title\">Service comptabilit\u00e9 & contact administratif :<\/h3>\n<\/div>\n<div id=\"frm_field_36_container\" class=\"frm_form_field form-field  frm_required_field frm_top_container\">\r\n\t<div  id=\"field_ey4zp_label\" class=\"frm_primary_label\"><B>Nom et Pr\u00e9nom\r\n\t\t<span class=\"frm_required\" aria-hidden=\"true\">*<\/span>\r\n\t<\/div>\r\n\t<fieldset aria-labelledby=\"field_ey4zp_label\">\n\t<legend class=\"frm_screen_reader frm_hidden\">\n\t\t&lt;B&gt;Nom et Pr\u00e9nom\t<\/legend>\n\n\t<div  class=\"frm_combo_inputs_container\" id=\"frm_combo_inputs_container_36\" data-name-layout=\"last_first\">\n\t\t\t\t\t<div\n\t\t\t\tid=\"frm_field_36-last_container\"\n\t\t\t\tclass=\"frm_form_field form-field frm_form_subfield-last  frm6\"\n\t\t\t\tdata-sub-field-name=\"last\"\n\t\t\t>\n\t\t\t\t<label for=\"field_ey4zp_last\" class=\"frm_screen_reader frm_hidden\">\n\t\t\t\t\tNom\t\t\t\t<\/label>\n\n\t\t\t\t<input  type=\"text\" id=\"field_ey4zp_last\" value=\"\" name=\"item_meta[36][last]\" data-reqmsg=\"&lt;B&gt;Nom et Pr\u00e9nom ne peut pas \u00eatre vide.\" aria-required=\"true\" data-invmsg=\"&lt;B&gt;Nom et Pr\u00e9nom est non valide\" aria-invalid=\"false\"  \/><div class=\"frm_description\" id=\"frm_field_36_last_desc\">Nom<\/div>\t\t\t<\/div>\n\t\t\t\t\t\t<div\n\t\t\t\tid=\"frm_field_36-first_container\"\n\t\t\t\tclass=\"frm_form_field form-field frm_form_subfield-first  frm6\"\n\t\t\t\tdata-sub-field-name=\"first\"\n\t\t\t>\n\t\t\t\t<label for=\"field_ey4zp_first\" class=\"frm_screen_reader frm_hidden\">\n\t\t\t\t\tPr\u00e9nom\t\t\t\t<\/label>\n\n\t\t\t\t<input  type=\"text\" id=\"field_ey4zp_first\" value=\"\" name=\"item_meta[36][first]\" data-reqmsg=\"&lt;B&gt;Nom et Pr\u00e9nom ne peut pas \u00eatre vide.\" aria-required=\"true\" data-invmsg=\"&lt;B&gt;Nom et Pr\u00e9nom est non valide\" aria-invalid=\"false\"  \/><div class=\"frm_description\" id=\"frm_field_36_first_desc\">Pr\u00e9nom<\/div>\t\t\t<\/div>\n\t\t\t\t<\/div>\n<\/fieldset>\n\r\n\t\r\n\t\r\n<\/div>\n<div id=\"frm_field_38_container\" class=\"frm_form_field form-field  frm_required_field frm_top_container frm6 frm_first\">\r\n\t<label for=\"field_ictl8\" id=\"field_ictl8_label\" class=\"frm_primary_label\"><b>T\u00e9l\u00e9phone\r\n\t\t<span class=\"frm_required\" aria-hidden=\"true\">*<\/span>\r\n\t<\/label>\r\n\t<input type=\"tel\" id=\"field_ictl8\" name=\"item_meta[38]\" value=\"\"  data-reqmsg=\"&lt;b&gt;T\u00e9l\u00e9phone ne peut pas \u00eatre vide.\" aria-required=\"true\" data-invmsg=\"&lt;b&gt;T\u00e9l\u00e9phone est non valide\" aria-invalid=\"false\" pattern=\"((\\+\\d{1,3}(-|.| )?\\(?\\d\\)?(-| |.)?\\d{1,5})|(\\(?\\d{2,6}\\)?))(-|.| )?(\\d{3,4})(-|.| )?(\\d{4})(( x| ext)\\d{1,5}){0,1}$\"  \/>\r\n\t\r\n\t\r\n<\/div>\n<div id=\"frm_field_39_container\" class=\"frm_form_field form-field  frm_required_field frm_top_container frm6\">\r\n\t<label for=\"field_iylrl\" id=\"field_iylrl_label\" class=\"frm_primary_label\"><b>E-mail\r\n\t\t<span class=\"frm_required\" aria-hidden=\"true\">*<\/span>\r\n\t<\/label>\r\n\t<input type=\"email\" id=\"field_iylrl\" name=\"item_meta[39]\" value=\"\"  data-reqmsg=\"&lt;b&gt;E-mail ne peut pas \u00eatre vide.\" aria-required=\"true\" data-invmsg=\"&lt;b&gt;E-mail est non valide\" aria-invalid=\"false\"  \/>\r\n\t\r\n\t\r\n<\/div>\n<div id=\"frm_field_33_container\" class=\"frm_form_field form-field  frm_top_container frm12 frm_first\">\r\n\t<label for=\"field_2qfg8\" id=\"field_2qfg8_label\" class=\"frm_primary_label\"><b>Fonction\r\n\t\t<span class=\"frm_required\" aria-hidden=\"true\"><\/span>\r\n\t<\/label>\r\n\t<input type=\"text\" id=\"field_2qfg8\" name=\"item_meta[33]\" value=\"\"  data-invmsg=\"&lt;b&gt;Fonction est non valide\" aria-invalid=\"false\"  \/>\r\n\t\r\n\t\r\n<\/div>\n<div id=\"frm_field_42_container\" class=\"frm_form_field  frm12 frm_first frm_html_container form-field\">\n<h3 class=\"frm-form-title\">A propos de la MCF<\/h3>\n<\/div>\n<div id=\"frm_field_43_container\" class=\"frm_form_field form-field  frm_top_container frm12 frm_first\">\r\n\t<label for=\"field_f3zxk\" id=\"field_f3zxk_label\" class=\"frm_primary_label\"><b>Comment avez-vous connu la MCF ? \r\n\t\t<span class=\"frm_required\" aria-hidden=\"true\"><\/span>\r\n\t<\/label>\r\n\t\t\t<select name=\"item_meta[43]\" id=\"field_f3zxk\"  data-invmsg=\"&lt;b&gt;Comment avez-vous connu la MCF ?  est non valide\" class=\"auto_width\" aria-invalid=\"false\"  >\n\t\t<option  value=\"En naviguant sur internet\">En naviguant sur internet<\/option><option  value=\"Sur recommandation de mon avocat \/ conseil juridique\">Sur recommandation de mon avocat \/ conseil juridique<\/option><option  value=\"Sur la recommandation de la CECMC\">Sur la recommandation de la CECMC<\/option><option  value=\"\u00c0 la suite d\u2019un \u00e9change avec la DGCCRF\">\u00c0 la suite d\u2019un \u00e9change avec la DGCCRF<\/option><option  value=\"Sur la recommandation d\u2019une association de consommateur\">Sur la recommandation d\u2019une association de consommateur<\/option><option  value=\"Autre\">Autre<\/option>\t<\/select>\n\t\r\n\t\r\n\t\r\n<\/div>\n<div id=\"frm_field_6_container\" class=\"frm_form_field form-field  frm12 frm_first\">\r\n\t<div class=\"frm_submit frm_flex\">\r\n<button class=\"frm_button_submit\" type=\"submit\"  >Envoyer<\/button>\r\n\r\n\r\n\r\n<\/div>\r\n<\/div>\n\t<input type=\"hidden\" name=\"item_key\" value=\"\" \/>\n\t\t\t<div id=\"frm_field_45_container\">\n\t\t\t<label for=\"field_mepy5\" >\n\t\t\t\tSi vous \u00eates un humain, ne remplissez pas ce champ.\t\t\t<\/label>\n\t\t\t<input  id=\"field_mepy5\" type=\"text\" class=\"frm_form_field form-field frm_verify\" name=\"item_meta[45]\" value=\"\"  \/>\n\t\t<\/div>\n\t\t<input name=\"frm_state\" type=\"hidden\" value=\"L+5BkYvkcYBJ5qiburm0pHC4e\/YdOequZkZBUh8HR+w=\" \/><\/div>\n<\/fieldset>\n<\/div>\n\n<\/form>\n<\/div>\n\n\n\n\n<p><\/p>\n","protected":false},"excerpt":{"rendered":"<p>A LA MEDIATION DE LA CONSOMMATION FEVAD UNE MEDIATION ADAPTEE AUX BESOINS DES ENTREPRISES Depuis le 1er janvier 2016, tout vendeur professionnel est tenu d\u2019informer le consommateur de la possibilit\u00e9 de recourir \u00e0 un dispositif de m\u00e9diation comp\u00e9tent en cas de litige (articles L.211-3 et L.616-1 du code de la consommation). Vous \u00eates adh\u00e9rent de [&hellip;]<\/p>\n","protected":false},"author":5,"featured_media":0,"parent":0,"menu_order":0,"comment_status":"closed","ping_status":"closed","template":"","meta":{"footnotes":""},"class_list":["post-1651","page","type-page","status-publish","hentry"],"_links":{"self":[{"href":"https:\/\/www.mediateurfevad.fr\/index.php\/wp-json\/wp\/v2\/pages\/1651","targetHints":{"allow":["GET"]}}],"collection":[{"href":"https:\/\/www.mediateurfevad.fr\/index.php\/wp-json\/wp\/v2\/pages"}],"about":[{"href":"https:\/\/www.mediateurfevad.fr\/index.php\/wp-json\/wp\/v2\/types\/page"}],"author":[{"embeddable":true,"href":"https:\/\/www.mediateurfevad.fr\/index.php\/wp-json\/wp\/v2\/users\/5"}],"replies":[{"embeddable":true,"href":"https:\/\/www.mediateurfevad.fr\/index.php\/wp-json\/wp\/v2\/comments?post=1651"}],"version-history":[{"count":8,"href":"https:\/\/www.mediateurfevad.fr\/index.php\/wp-json\/wp\/v2\/pages\/1651\/revisions"}],"predecessor-version":[{"id":1699,"href":"https:\/\/www.mediateurfevad.fr\/index.php\/wp-json\/wp\/v2\/pages\/1651\/revisions\/1699"}],"wp:attachment":[{"href":"https:\/\/www.mediateurfevad.fr\/index.php\/wp-json\/wp\/v2\/media?parent=1651"}],"curies":[{"name":"wp","href":"https:\/\/api.w.org\/{rel}","templated":true}]}}